{"id":8965,"date":"2025-07-14T12:36:33","date_gmt":"2025-07-14T12:36:33","guid":{"rendered":"https:\/\/faith-africa.com\/?page_id=8965"},"modified":"2025-07-27T10:33:11","modified_gmt":"2025-07-27T10:33:11","slug":"jesca-kalisyo-malata-2","status":"publish","type":"page","link":"https:\/\/faith-africa.com\/en\/jesca-kalisyo-malata-2\/","title":{"rendered":"2. Jesca Kalisyo Malata"},"content":{"rendered":"<div data-elementor-type=\"wp-page\" data-elementor-id=\"8965\" class=\"elementor elementor-8965\">\n\t\t\t\t<div class=\"elementor-element elementor-element-14d121bf e-con-full e-flex e-con e-parent\" data-id=\"14d121bf\" data-element_type=\"container\" data-e-type=\"container\">\n\t\t<div class=\"elementor-element elementor-element-748f1f0 e-con-full e-flex e-con e-child\" data-id=\"748f1f0\" data-element_type=\"container\" data-e-type=\"container\" data-settings=\"{&quot;background_background&quot;:&quot;classic&quot;}\">\n\t\t<div class=\"elementor-element elementor-element-4fdbb7ee e-con-full e-flex elementor-invisible e-con e-child\" data-id=\"4fdbb7ee\" data-element_type=\"container\" data-e-type=\"container\" data-settings=\"{&quot;background_background&quot;:&quot;classic&quot;,&quot;animation&quot;:&quot;fadeIn&quot;}\">\n\t\t<div class=\"elementor-element elementor-element-1bfe07a1 e-con-full e-flex e-con e-child\" data-id=\"1bfe07a1\" data-element_type=\"container\" data-e-type=\"container\" data-settings=\"{&quot;background_background&quot;:&quot;classic&quot;}\">\n\t\t\t\t<div class=\"elementor-element elementor-element-4b12117e elementor-widget elementor-widget-image\" data-id=\"4b12117e\" data-element_type=\"widget\" data-e-type=\"widget\" data-widget_type=\"image.default\">\n\t\t\t\t<div class=\"elementor-widget-container\">\n\t\t\t\t\t\t\t\t\t\t\t\t\t\t\t<img fetchpriority=\"high\" decoding=\"async\" width=\"215\" height=\"300\" src=\"https:\/\/faith-africa.com\/wp-content\/uploads\/2023\/08\/leaf-logo-teal-215x300.png\" class=\"attachment-medium size-medium wp-image-234\" alt=\"\" srcset=\"https:\/\/faith-africa.com\/wp-content\/uploads\/2023\/08\/leaf-logo-teal-215x300.png 215w, https:\/\/faith-africa.com\/wp-content\/uploads\/2023\/08\/leaf-logo-teal.png 500w\" sizes=\"(max-width: 215px) 100vw, 215px\" \/>\t\t\t\t\t\t\t\t\t\t\t\t\t\t\t<\/div>\n\t\t\t\t<\/div>\n\t\t\t\t<div class=\"elementor-element elementor-element-7adb1bc9 elementor-invisible elementor-widget elementor-widget-heading\" data-id=\"7adb1bc9\" data-element_type=\"widget\" data-e-type=\"widget\" data-settings=\"{&quot;_animation&quot;:&quot;fadeInDown&quot;,&quot;_animation_delay&quot;:400}\" data-widget_type=\"heading.default\">\n\t\t\t\t<div class=\"elementor-widget-container\">\n\t\t\t\t\t<h2 class=\"elementor-heading-title elementor-size-default\">Faith-Africa<\/h2>\t\t\t\t<\/div>\n\t\t\t\t<\/div>\n\t\t\t\t<div class=\"elementor-element elementor-element-f0d6697 elementor-invisible elementor-widget elementor-widget-heading\" data-id=\"f0d6697\" data-element_type=\"widget\" data-e-type=\"widget\" data-settings=\"{&quot;_animation&quot;:&quot;fadeInUp&quot;,&quot;_animation_delay&quot;:400}\" data-widget_type=\"heading.default\">\n\t\t\t\t<div class=\"elementor-widget-container\">\n\t\t\t\t\t<h1 class=\"elementor-heading-title elementor-size-default\">Storys<\/h1>\t\t\t\t<\/div>\n\t\t\t\t<\/div>\n\t\t\t\t<div class=\"elementor-element elementor-element-4a223208 elementor-widget-divider--view-line elementor-invisible elementor-widget elementor-widget-divider\" data-id=\"4a223208\" data-element_type=\"widget\" data-e-type=\"widget\" data-settings=\"{&quot;_animation&quot;:&quot;fadeIn&quot;,&quot;_animation_delay&quot;:400}\" data-widget_type=\"divider.default\">\n\t\t\t\t<div class=\"elementor-widget-container\">\n\t\t\t\t\t\t\t<div class=\"elementor-divider\">\n\t\t\t<span class=\"elementor-divider-separator\">\n\t\t\t\t\t\t<\/span>\n\t\t<\/div>\n\t\t\t\t\t\t<\/div>\n\t\t\t\t<\/div>\n\t\t\t\t<div class=\"elementor-element elementor-element-1e69310f elementor-widget elementor-widget-heading\" data-id=\"1e69310f\" data-element_type=\"widget\" data-e-type=\"widget\" data-widget_type=\"heading.default\">\n\t\t\t\t<div class=\"elementor-widget-container\">\n\t\t\t\t\t<h2 class=\"elementor-heading-title elementor-size-default\">F\u00fcr Alles Vertraue Ich IHM<\/h2>\t\t\t\t<\/div>\n\t\t\t\t<\/div>\n\t\t\t\t<div class=\"elementor-element elementor-element-59f45f58 elementor-widget-divider--view-line elementor-invisible elementor-widget elementor-widget-divider\" data-id=\"59f45f58\" data-element_type=\"widget\" data-e-type=\"widget\" data-settings=\"{&quot;_animation&quot;:&quot;fadeIn&quot;,&quot;_animation_delay&quot;:400}\" data-widget_type=\"divider.default\">\n\t\t\t\t<div class=\"elementor-widget-container\">\n\t\t\t\t\t\t\t<div class=\"elementor-divider\">\n\t\t\t<span class=\"elementor-divider-separator\">\n\t\t\t\t\t\t<\/span>\n\t\t<\/div>\n\t\t\t\t\t\t<\/div>\n\t\t\t\t<\/div>\n\t\t\t\t<\/div>\n\t\t\t\t<\/div>\n\t\t\t\t<\/div>\n\t\t\t\t<\/div>\n\t\t<div class=\"elementor-element elementor-element-3aba92e1 e-flex e-con-boxed e-con e-parent\" data-id=\"3aba92e1\" data-element_type=\"container\" data-e-type=\"container\" data-settings=\"{&quot;background_background&quot;:&quot;classic&quot;}\">\n\t\t\t\t\t<div class=\"e-con-inner\">\n\t\t<div class=\"elementor-element elementor-element-6ef62f28 e-con-full e-flex e-con e-child\" data-id=\"6ef62f28\" data-element_type=\"container\" data-e-type=\"container\">\n\t\t\t\t<div class=\"elementor-element elementor-element-7d7b2a4f elementor-mobile-align-left elementor-tablet-align-center elementor-widget__width-initial elementor-align-right elementor-button-info elementor-widget elementor-widget-button\" data-id=\"7d7b2a4f\" data-element_type=\"widget\" data-e-type=\"widget\" data-widget_type=\"button.default\">\n\t\t\t\t<div class=\"elementor-widget-container\">\n\t\t\t\t\t\t\t\t\t<div class=\"elementor-button-wrapper\">\n\t\t\t\t\t<a class=\"elementor-button elementor-size-md\" role=\"button\">\n\t\t\t\t\t\t<span class=\"elementor-button-content-wrapper\">\n\t\t\t\t\t\t<span class=\"elementor-button-icon\">\n\t\t\t\t\t\t\t<\/span>\n\t\t\t\t\t\t\t\t\t<span class=\"elementor-button-text\">Faith-Africa-Foundation<\/span>\n\t\t\t\t\t<\/span>\n\t\t\t\t\t<\/a>\n\t\t\t\t<\/div>\n\t\t\t\t\t\t\t\t<\/div>\n\t\t\t\t<\/div>\n\t\t\t\t<div class=\"elementor-element elementor-element-1703bd57 elementor-widget__width-initial e-transform elementor-widget elementor-widget-image\" data-id=\"1703bd57\" data-element_type=\"widget\" data-e-type=\"widget\" data-settings=\"{&quot;_transform_translateX_effect_tablet&quot;:{&quot;unit&quot;:&quot;px&quot;,&quot;size&quot;:162,&quot;sizes&quot;:[]},&quot;_transform_translateX_effect_mobile&quot;:{&quot;unit&quot;:&quot;px&quot;,&quot;size&quot;:0,&quot;sizes&quot;:[]},&quot;_transform_translateY_effect_tablet&quot;:{&quot;unit&quot;:&quot;px&quot;,&quot;size&quot;:18,&quot;sizes&quot;:[]},&quot;_transform_translateY_effect_mobile&quot;:{&quot;unit&quot;:&quot;px&quot;,&quot;size&quot;:0,&quot;sizes&quot;:[]},&quot;_transform_translateX_effect&quot;:{&quot;unit&quot;:&quot;px&quot;,&quot;size&quot;:&quot;&quot;,&quot;sizes&quot;:[]},&quot;_transform_translateY_effect&quot;:{&quot;unit&quot;:&quot;px&quot;,&quot;size&quot;:&quot;&quot;,&quot;sizes&quot;:[]}}\" data-widget_type=\"image.default\">\n\t\t\t\t<div class=\"elementor-widget-container\">\n\t\t\t\t\t\t\t\t\t\t\t\t\t\t\t<img decoding=\"async\" width=\"1018\" height=\"581\" src=\"https:\/\/faith-africa.com\/wp-content\/uploads\/2023\/08\/Wissen-Projekt-Kenia-MShep2_iiStockphotoKNH96116_Preview_Powerpoint-e1475827937499-306525550-modified.jpg\" class=\"attachment-large size-large wp-image-372\" alt=\"\" srcset=\"https:\/\/faith-africa.com\/wp-content\/uploads\/2023\/08\/Wissen-Projekt-Kenia-MShep2_iiStockphotoKNH96116_Preview_Powerpoint-e1475827937499-306525550-modified.jpg 1018w, https:\/\/faith-africa.com\/wp-content\/uploads\/2023\/08\/Wissen-Projekt-Kenia-MShep2_iiStockphotoKNH96116_Preview_Powerpoint-e1475827937499-306525550-modified-300x171.jpg 300w, https:\/\/faith-africa.com\/wp-content\/uploads\/2023\/08\/Wissen-Projekt-Kenia-MShep2_iiStockphotoKNH96116_Preview_Powerpoint-e1475827937499-306525550-modified-768x438.jpg 768w\" sizes=\"(max-width: 1018px) 100vw, 1018px\" \/>\t\t\t\t\t\t\t\t\t\t\t\t\t\t\t<\/div>\n\t\t\t\t<\/div>\n\t\t\t\t<\/div>\n\t\t\t\t\t<\/div>\n\t\t\t\t<\/div>\n\t\t<div class=\"elementor-element elementor-element-38e2ec7 e-flex e-con-boxed e-con e-parent\" data-id=\"38e2ec7\" data-element_type=\"container\" data-e-type=\"container\">\n\t\t\t\t\t<div class=\"e-con-inner\">\n\t\t\t\t\t<\/div>\n\t\t\t\t<\/div>\n\t\t<div class=\"elementor-element elementor-element-6b60e0c5 e-flex e-con-boxed e-con e-parent\" data-id=\"6b60e0c5\" data-element_type=\"container\" data-e-type=\"container\" data-settings=\"{&quot;background_background&quot;:&quot;classic&quot;}\">\n\t\t\t\t\t<div class=\"e-con-inner\">\n\t\t<div class=\"elementor-element elementor-element-4539903a e-con-full e-flex e-con e-child\" data-id=\"4539903a\" data-element_type=\"container\" data-e-type=\"container\">\n\t\t<div class=\"elementor-element elementor-element-390e3e96 e-con-full e-flex e-con e-child\" data-id=\"390e3e96\" data-element_type=\"container\" data-e-type=\"container\">\n\t\t<div class=\"elementor-element elementor-element-3b9c00cf e-con-full e-flex e-con e-child\" data-id=\"3b9c00cf\" data-element_type=\"container\" data-e-type=\"container\">\n\t\t\t\t<div class=\"elementor-element elementor-element-66ee0f70 elementor-widget-mobile__width-initial elementor-widget elementor-widget-image\" data-id=\"66ee0f70\" data-element_type=\"widget\" data-e-type=\"widget\" data-widget_type=\"image.default\">\n\t\t\t\t<div class=\"elementor-widget-container\">\n\t\t\t\t\t\t\t\t\t\t\t\t\t\t\t<img decoding=\"async\" src=\"https:\/\/faith-africa.com\/wp-content\/uploads\/elementor\/thumbs\/Jesca-Kalisto-Malata-e1745515850537-r4u9lsasnxw12l0qqgx29543ftykosptq12coqrj4w.jpg\" title=\"Jesca Kalisto Malata\" alt=\"Jesca Kalisto Malata\" loading=\"lazy\" \/>\t\t\t\t\t\t\t\t\t\t\t\t\t\t\t<\/div>\n\t\t\t\t<\/div>\n\t\t\t\t<div class=\"elementor-element elementor-element-15e88806 elementor-widget elementor-widget-heading\" data-id=\"15e88806\" data-element_type=\"widget\" data-e-type=\"widget\" data-widget_type=\"heading.default\">\n\t\t\t\t<div class=\"elementor-widget-container\">\n\t\t\t\t\t<h3 class=\"elementor-heading-title elementor-size-default\">Jesca<\/h3>\t\t\t\t<\/div>\n\t\t\t\t<\/div>\n\t\t\t\t<div class=\"elementor-element elementor-element-188011ce elementor-widget elementor-widget-heading\" data-id=\"188011ce\" data-element_type=\"widget\" data-e-type=\"widget\" data-widget_type=\"heading.default\">\n\t\t\t\t<div class=\"elementor-widget-container\">\n\t\t\t\t\t<h2 class=\"elementor-heading-title elementor-size-default\">40 years<\/h2>\t\t\t\t<\/div>\n\t\t\t\t<\/div>\n\t\t\t\t<\/div>\n\t\t<div class=\"elementor-element elementor-element-5933ee1b e-con-full e-flex e-con e-child\" data-id=\"5933ee1b\" data-element_type=\"container\" data-e-type=\"container\">\n\t\t\t\t<div class=\"elementor-element elementor-element-2bf99850 elementor-widget elementor-widget-text-editor\" data-id=\"2bf99850\" data-element_type=\"widget\" data-e-type=\"widget\" data-widget_type=\"text-editor.default\">\n\t\t\t\t<div class=\"elementor-widget-container\">\n\t\t\t\t\t\t\t\t\t<p><span style=\"font-size: small;\">This is Jesca, she is 40 years old and the mother of 4 children. Her life was also characterized by poverty from the very beginning. Her parents worked hard to provide for the family. Then Jesca got married and had her first child when she was 20. Everything went well at first, her husband had a thriving business and they were able to move into their first little house. Three more children followed. <\/span><\/p><p><span style=\"font-size: small;\">At some point, the marriage began to crumble when the business started to deteriorate and more and more arguments arose. To make matters worse, Jesca discovered that her husband had two more children with another woman. In order to keep his head above water, Jesca's husband began to gradually sell things from the house, and what was left over was spent on alcohol. <\/span><\/p><p><span style=\"font-size: small;\">Nach etlichen Streitereien und k\u00f6rperlichen \u00dcbergriffen an Jesca und auch den Kindern, verlie\u00df sie mit den drei noch Minderj\u00e4hrigen Kindern das Haus und ihren Ehemann. Sie musste zur\u00fcck in ihr Elternhaus um dort ganz von vorne anzufangen. Als alleinstehende Mutter ist es hier kaum m\u00f6glich sich selbst, geschweige denn Kinder, alleine zu versorgen. Meistens fehlt es an Nahrung und Mittel f\u00fcr die Schulgeb\u00fchren.<\/span><\/p><p><span style=\"font-size: small;\">Help us to support Jesca and her three children so that they have enough to eat and can continue to attend school. Thank you!<\/span><\/p>\t\t\t\t\t\t\t\t<\/div>\n\t\t\t\t<\/div>\n\t\t\t\t<\/div>\n\t\t\t\t<\/div>\n\t\t\t\t<\/div>\n\t\t\t\t\t<\/div>\n\t\t\t\t<\/div>\n\t\t\t\t<\/div>","protected":false},"excerpt":{"rendered":"<p>Faith-Africa Geschichten FOR ~ ALL ~ I ~ TRUST ~ HIM Faith-Africa Stiftung Jesca 40 Jahre Das ist Jesca, sie ist 40 Jahre alt und Mutter von 4 Kindern. Auch ihr Leben war von Anfang an gekennzeichnet von Armut. Ihre Eltern haben schwer gearbeitet um die Familie versorgen zu k\u00f6nnen. Dann heiratete Jesca und\u00a0 bekam [&hellip;]<\/p>\n","protected":false},"author":1,"featured_media":0,"parent":0,"menu_order":0,"comment_status":"closed","ping_status":"closed","template":"","meta":{"ocean_post_layout":"full-screen","ocean_both_sidebars_style":"","ocean_both_sidebars_content_width":0,"ocean_both_sidebars_sidebars_width":0,"ocean_sidebar":"","ocean_second_sidebar":"","ocean_disable_margins":"enable","ocean_add_body_class":"","ocean_shortcode_before_top_bar":"","ocean_shortcode_after_top_bar":"","ocean_shortcode_before_header":"","ocean_shortcode_after_header":"","ocean_has_shortcode":"","ocean_shortcode_after_title":"","ocean_shortcode_before_footer_widgets":"","ocean_shortcode_after_footer_widgets":"","ocean_shortcode_before_footer_bottom":"","ocean_shortcode_after_footer_bottom":"","ocean_display_top_bar":"off","ocean_display_header":"default","ocean_header_style":"","ocean_center_header_left_menu":"","ocean_custom_header_template":"","ocean_custom_logo":0,"ocean_custom_retina_logo":0,"ocean_custom_logo_max_width":0,"ocean_custom_logo_tablet_max_width":0,"ocean_custom_logo_mobile_max_width":0,"ocean_custom_logo_max_height":0,"ocean_custom_logo_tablet_max_height":0,"ocean_custom_logo_mobile_max_height":0,"ocean_header_custom_menu":"","ocean_menu_typo_font_family":"","ocean_menu_typo_font_subset":"","ocean_menu_typo_font_size":0,"ocean_menu_typo_font_size_tablet":0,"ocean_menu_typo_font_size_mobile":0,"ocean_menu_typo_font_size_unit":"px","ocean_menu_typo_font_weight":"","ocean_menu_typo_font_weight_tablet":"","ocean_menu_typo_font_weight_mobile":"","ocean_menu_typo_transform":"","ocean_menu_typo_transform_tablet":"","ocean_menu_typo_transform_mobile":"","ocean_menu_typo_line_height":0,"ocean_menu_typo_line_height_tablet":0,"ocean_menu_typo_line_height_mobile":0,"ocean_menu_typo_line_height_unit":"","ocean_menu_typo_spacing":0,"ocean_menu_typo_spacing_tablet":0,"ocean_menu_typo_spacing_mobile":0,"ocean_menu_typo_spacing_unit":"","ocean_menu_link_color":"","ocean_menu_link_color_hover":"","ocean_menu_link_color_active":"","ocean_menu_link_background":"","ocean_menu_link_hover_background":"","ocean_menu_link_active_background":"","ocean_menu_social_links_bg":"","ocean_menu_social_hover_links_bg":"","ocean_menu_social_links_color":"","ocean_menu_social_hover_links_color":"","ocean_disable_title":"on","ocean_disable_heading":"default","ocean_post_title":"","ocean_post_subheading":"","ocean_post_title_style":"","ocean_post_title_background_color":"","ocean_post_title_background":0,"ocean_post_title_bg_image_position":"","ocean_post_title_bg_image_attachment":"","ocean_post_title_bg_image_repeat":"","ocean_post_title_bg_image_size":"","ocean_post_title_height":0,"ocean_post_title_bg_overlay":0.5,"ocean_post_title_bg_overlay_color":"","ocean_disable_breadcrumbs":"default","ocean_breadcrumbs_color":"","ocean_breadcrumbs_separator_color":"","ocean_breadcrumbs_links_color":"","ocean_breadcrumbs_links_hover_color":"","ocean_display_footer_widgets":"off","ocean_display_footer_bottom":"off","ocean_custom_footer_template":"","footnotes":""},"class_list":["post-8965","page","type-page","status-publish","hentry","entry"],"_links":{"self":[{"href":"https:\/\/faith-africa.com\/en\/wp-json\/wp\/v2\/pages\/8965","targetHints":{"allow":["GET"]}}],"collection":[{"href":"https:\/\/faith-africa.com\/en\/wp-json\/wp\/v2\/pages"}],"about":[{"href":"https:\/\/faith-africa.com\/en\/wp-json\/wp\/v2\/types\/page"}],"author":[{"embeddable":true,"href":"https:\/\/faith-africa.com\/en\/wp-json\/wp\/v2\/users\/1"}],"replies":[{"embeddable":true,"href":"https:\/\/faith-africa.com\/en\/wp-json\/wp\/v2\/comments?post=8965"}],"version-history":[{"count":7,"href":"https:\/\/faith-africa.com\/en\/wp-json\/wp\/v2\/pages\/8965\/revisions"}],"predecessor-version":[{"id":9148,"href":"https:\/\/faith-africa.com\/en\/wp-json\/wp\/v2\/pages\/8965\/revisions\/9148"}],"wp:attachment":[{"href":"https:\/\/faith-africa.com\/en\/wp-json\/wp\/v2\/media?parent=8965"}],"curies":[{"name":"wp","href":"https:\/\/api.w.org\/{rel}","templated":true}]}}